{"id":168,"date":"2025-07-10T17:33:53","date_gmt":"2025-07-10T17:33:53","guid":{"rendered":"https:\/\/classics.mra.de\/datenschutz\/"},"modified":"2025-11-13T17:43:48","modified_gmt":"2025-11-13T17:43:48","slug":"datenschutz","status":"publish","type":"page","link":"https:\/\/classics.mra.de\/en\/datenschutz\/","title":{"rendered":"Privacy Policy"},"content":{"rendered":"<h3>Datenschutzhinweise gem\u00e4\u00df Art. 13 DSGVO<\/h3>\n<h3>Name und Anschrift des Verantwortlichen<\/h3>\n<p>Verantwortliche Stelle im Sinne der Datenschutz-Grundverordnung (DSGVO) und anderer datenschutzrechtlicher Bestimmungen ist: Name des Vertreters oder Unternehmensbezeichnung<\/p>\n<p><strong>MRA-Klement GmbH<\/strong><br \/>\nSiemensstr. 6<br \/>\n79331 Teningen<br \/>\nTelefon: +49 7663 9389 0<br \/>\nE-Mail: info(at)mra.de<\/p>\n<h3>Datenschutzbeauftragter<\/h3>\n<p>Wir haben f\u00fcr unser Unternehmen einen Datenschutzbeauftragten benannt.<br \/>\nDieser ist postalisch unter o. g. Adresse, z. Hd. des Datenschutzbeauftragten zu erreichen,<br \/>\nalternativ k\u00f6nnen Sie eine E-Mail an. dsb(at)klumpp-systeme.de senden.<\/p>\n<h3>Allgemeines zur Datenverarbeitung<\/h3>\n<h4>Rechtsgrundlage f\u00fcr die Verarbeitung personenbezogener Daten<\/h4>\n<p>Nach Ma\u00dfgabe des Art. 13 DSGVO teilen wir Ihnen die Rechtsgrundlagen unserer Datenverarbeitungen mit. Sofern die Rechtsgrundlage im Datenschutzhinweis nicht genau genannt wird, gilt Folgendes:<br \/>\nDie Rechtsgrundlage f\u00fcr die Einholung von Einwilligungen ist Art. 6 Abs. 1 lit. a i.V.m. Art. 7 DSGVO. Die Rechtsgrundlage f\u00fcr die Verarbeitung zur Erf\u00fcllung unserer Leistungen und Durchf\u00fchrung vertraglicher Ma\u00dfnahmen, sowie Beantwortung von Anfragen ist Art. 6 Abs. 1 lit. b DSGVO. Die Rechtsgrundlage f\u00fcr die Verarbeitung zur Erf\u00fcllung unserer rechtlichen Verpflichtungen ist Art. 6 Abs. 1 lit. c DSGVO. Ist die Verarbeitung Ihrer Daten zur Wahrung eines berechtigten Interesses unseres Unternehmens oder eines Dritten erforderlich und \u00fcberwiegen die Interessen, Grundrechte und Grundfreiheiten des Betroffenen das erstgenannte Interesse nicht, so dient Art. 6 Abs. 1 lit. f DSGVO als Rechtsgrundlage f\u00fcr die Verarbeitung. F\u00fcr den Fall, dass lebenswichtige Interessen der betroffenen Person oder einer anderen nat\u00fcrlichen Person eine Verarbeitung personenbezogener Daten erforderlich machen, dient Art. 6 Abs. 1 lit. d DSGVO als Rechtsgrundlage.<\/p>\n<h4>SSL- bzw. TLS-Verschl\u00fcsselung<\/h4>\n<p>Diese Seite nutzt aus Sicherheitsgr\u00fcnden und zum Schutz der \u00dcbertragung vertraulicher Inhalte, wie zum Beispiel Bestellungen oder Anfragen, die Sie an uns als Seitenbetreiber senden, eine SSL- bzw. TLS-Verschl\u00fcsselung. Eine verschl\u00fcsselte Verbindung erkennen Sie daran, dass die Adresszeile des Browsers von \u201ehttp:\/\/\u201c auf \u201ehttps:\/\/\u201c wechselt und an dem Schloss-Symbol in Ihrer Browserzeile. Wenn die SSL- bzw. TLS-Verschl\u00fcsselung aktiviert ist, k\u00f6nnen die Daten, die Sie an uns \u00fcbermitteln, nicht von Dritten mitgelesen werden.<\/p>\n<h4>Datenl\u00f6schung und Speicherdauer<\/h4>\n<p>Wir halten uns an die Grunds\u00e4tze der Datenminimierung gem. Art. 5 Abs. 1 lit. c DSGVO und Speicherbegrenzung gem. Art. 5 Abs. 1 lit. e DSGVO. Wir speichern Ihre personenbezogenen Daten nur so lange, wie dies zur Erreichung der hier genannten Zwecke erforderlich ist oder wie es die vom Gesetzgeber vorgesehenen Aufbewahrungsfristen vorsehen. Nach Wegfall des jeweiligen Zwecks bzw. nach Ablauf dieser Aufbewahrungsfristen, werden die entsprechenden Daten schnellstm\u00f6glich gel\u00f6scht.<\/p>\n<h4>Hinweis zur Datenweitergabe an Drittstaaten<\/h4>\n<p>Auf unserer Website sind auch Tools von Unternehmen mit Sitz in Drittstaaten (dazu z\u00e4hlen namentlich die USA) eingebunden. Sind diese Tools aktiv, k\u00f6nnen Ihre personenbezogenen Daten an die Server der jeweiligen Unternehmen \u00fcbermittelt werden. Das Datenschutzniveau in Drittstaaten entspricht in der Regel nicht dem EU-Datenschutzrecht. Damit besteht das Risiko, dass Ihre Daten an Beh\u00f6rden dieser Staaten weitergegeben werden. Einfluss auf diese Verarbeitungst\u00e4tigkeiten haben wir nicht.<\/p>\n<h4>Externe Links<\/h4>\n<p>Diese Webseite kann Links zu Webseiten Dritter bzw. zu anderen Webseiten in unserer Verantwortung enthalten. Folgen Sie einem Link zu einer der Webseiten au\u00dferhalb unserer Verantwortung, beachten Sie bitte, dass diese Webseiten \u00fcber ihre eigenen Datenschutzinformationen verf\u00fcgen. F\u00fcr diese fremden Webseiten und deren Datenschutzhinweise \u00fcbernehmen wir keine Verantwortung oder Haftung. \u00dcberpr\u00fcfen Sie daher vor Nutzung dieser Webseiten, ob Sie mit den dortigen Datenschutzerkl\u00e4rungen einverstanden sind.<br \/>\nExterne Links erkennen Sie entweder daran, dass sie farblich etwas abgesetzt vom restlichen Text oder unterstrichen dargestellt werden. Ihr Cursor zeigt Ihnen externe Links an, wenn Sie diesen \u00fcber einen solchen Link bewegen. Erst wenn Sie auf einen externen Link klicken, werden Ihre personenbezogenen Daten zum Ziel des Links \u00fcbertragen. Dabei erh\u00e4lt der Betreiber der anderen Webseite insbesondere Ihre IP-Adresse, den Zeitpunkt, zu dem Sie den Link angeklickt haben, die Seite, auf der Sie den Link angeklickt haben, sowie weitere Informationen, die Sie in den Datenschutzhinweisen des jeweiligen Anbieters finden.<br \/>\nBitte beachten Sie auch, dass einzelne Links zu einer Daten\u00fcbermittlung au\u00dferhalb des europ\u00e4ischen Wirtschaftsraums f\u00fchren k\u00f6nnen. Hierdurch k\u00f6nnten ausl\u00e4ndische Beh\u00f6rden Zugriff auf Ihre Daten erhalten. M\u00f6glicherweise stehen Ihnen keine Rechtsbehelfe gegen diese Datenzugriffe zu. Wenn Sie nicht m\u00f6chten, dass Ihre personenbezogenen Daten zum Linkziel \u00fcbertragen werden oder gar unerw\u00fcnscht dem Zugriff ausl\u00e4ndischer Beh\u00f6rden ausgesetzt werden, klicken Sie bitte keine Links an.<\/p>\n<h4>Rechte der betroffenen Person<\/h4>\n<p>Als Betroffener im Sinne der DSGVO haben Sie die M\u00f6glichkeit verschiedene Rechte geltend zu machen. Die sich aus der DSGVO ergebenden Betroffenenrechte sind das Auskunftsrecht (Artikel 15), das Recht auf Berichtigung (Artikel 16), das Recht auf L\u00f6schung (Artikel 17), das Recht auf Einschr\u00e4nkung der Verarbeitung (Artikel 18), das Widerspruchsrecht (Artikel 21), das Recht auf Beschwerde bei einer Aufsichtsbeh\u00f6rde und das Recht auf Daten\u00fcbertragbarkeit (Artikel 20).<\/p>\n<p><strong>Widerrufsrecht:<\/strong><br \/>\nEinige Datenverarbeitungen k\u00f6nnen nur mit Ihrer ausdr\u00fccklichen Einwilligung erfolgen. Sie haben jederzeit die M\u00f6glichkeit Ihre erteilte Einwilligung zu widerrufen. Die Rechtm\u00e4\u00dfigkeit der Datenverarbeitung bis zum Widerruf wird durch diesen allerdings nicht ber\u00fchrt.<\/p>\n<p><strong>Widerspruchsrecht:<\/strong><br \/>\nBeruht die Verarbeitung auf Art. 6 Absatz 1 lit. e oder f DSGVO, k\u00f6nnen Sie als Betroffener, aus Gr\u00fcnden, die sich aus Ihrer besonderen Situation ergeben, jederzeit gegen die Verarbeitung der Sie betreffenden personenbezogenen Daten widersprechen. Dieses Recht steht Ihnen auch bei auf diese Bestimmungen gest\u00fctztem Profiling i. S. d Art. 4 Z 4 DSGVO zu. Sofern wir kein Berechtigtes Interesse f\u00fcr die Verarbeitung nachweisen k\u00f6nnen, welche Ihre Interessen, Rechte und Freiheiten \u00fcberwiegen oder eine Verarbeitung, der Geltendmachung, Aus\u00fcbung oder Verteidigung von Rechtsanspr\u00fcchen dient, werden wir die Verarbeitung ihrer Daten nach erfolgten Widerspruch unterlassen.<br \/>\nDient die Verarbeitung von personenbezogenen Daten der Betreibung von Direktwerbung, so haben Sie auch das Recht, jederzeit Widerspruch zu erheben. Dasselbe gilt f\u00fcr Profiling, welches mit Direktwerbung in Verbindung steht. Auch hier werden wir personenbezogene Daten nicht mehr verarbeiten, sobald Sie Widerspruch erheben.<\/p>\n<p><strong>Recht auf Beschwerde bei einer Aufsichtsbeh\u00f6rde:<\/strong><br \/>\nWenn Sie der Ansicht sind, dass die Verarbeitung der Sie betreffenden personenbezogenen Daten gegen die DSGVO verst\u00f6\u00dft, steht Ihnen unbeschadet eines anderweitigen verwaltungsrechtlichen oder gerichtlichen Rechtsbehelfs das Recht auf Beschwerde bei einer Aufsichtsbeh\u00f6rde, insbesondere in dem Mitgliedsstaat Ihres Aufenthaltsorts, Ihres Arbeitsplatzes oder des Orts des mutma\u00dflichen Versto\u00dfes, zu.<\/p>\n<p><strong>Recht auf Daten\u00fcbertragbarkeit:<\/strong><br \/>\nWerden Ihre Daten aufgrund einer Einwilligung oder Erf\u00fcllung eines Vertrages automatisiert verarbeitet, haben Sie das Recht, diese Daten in einem strukturierten, g\u00e4ngigen und maschinenlesbaren Format zu erhalten. Au\u00dferdem haben Sie das Recht, die \u00dcbertragung und Bereitstellung der Daten an einen anderen Verantwortlichen zu fordern, soweit dies technisch umsetzbar ist.<\/p>\n<p><strong>Recht auf Auskunft, Berichtigung und L\u00f6schung:<\/strong><br \/>\nSie haben das Recht, Auskunft \u00fcber Ihre verarbeiteten personenbezogenen Daten bez\u00fcglich des Zwecks der Datenverarbeitung, der Kategorien, der Empf\u00e4nger sowie der Dauer der Speicherung zu erhalten. Bei Fragen zu diesem Thema oder auch zu anderen Themen bez\u00fcglich personenbezogener Daten k\u00f6nnen Sie sich selbstverst\u00e4ndlich \u00fcber die im Impressum angegebenen Kontaktm\u00f6glichkeiten an uns wenden.<\/p>\n<p><strong>Recht auf Einschr\u00e4nkung der Verarbeitung:<\/strong><br \/>\nSie k\u00f6nnen jederzeit die Einschr\u00e4nkung der Verarbeitung Ihrer personenbezogenen Daten geltend machen. Dazu m\u00fcssen Sie eine der folgenden Voraussetzungen erf\u00fcllen:<\/p>\n<ul>\n<li>Sie bestreiten die Richtigkeit der personenbezogenen Daten. F\u00fcr die Dauer der \u00dcberpr\u00fcfung der Richtigkeit haben Sie das Recht, eine Einschr\u00e4nkung der Verarbeitung zu verlangen.<\/li>\n<li>Erfolgt eine Verarbeitung unrechtm\u00e4\u00dfig, so k\u00f6nnen Sie alternativ zur L\u00f6schung die Einschr\u00e4nkung der Nutzung der Daten beantragen.<\/li>\n<li>Sollten wir Ihre personenbezogenen Daten f\u00fcr die Zwecke der Verarbeitung nicht mehr ben\u00f6tigen, Sie aber die Daten f\u00fcr die Geltendmachung, Aus\u00fcbung oder Verteidigung von Rechtsanspr\u00fcchen ben\u00f6tigen, k\u00f6nnen Sie alternativ zur L\u00f6schung, die Einschr\u00e4nkung der Verarbeitung beantragen.<br \/>\nLegen Sie Widerspruch gegen die Verarbeitung gem\u00e4\u00df Art. 21 Abs. 1 DSGVO ein, wird eine Abw\u00e4gung zwischen Ihren und unseren Interessen durchgef\u00fchrt. Bis diese Abw\u00e4gung erfolgt ist, haben Sie das Recht, die Einschr\u00e4nkung der Verarbeitung zu beantragen.<\/li>\n<\/ul>\n<p>Eine Einschr\u00e4nkung der Verarbeitung hat zur Folge, dass die personenbezogenen Daten, abgesehen von der Speicherung, nur mit Ihrer Einwilligung oder zur Geltendmachung, zur Aus\u00fcbung bzw. Verteidigung von Rechtsanspr\u00fcchen oder zum Schutz der Rechte einer anderen nat\u00fcrlichen oder juristischen Person oder aus Gr\u00fcnden eines wichtigen \u00f6ffentlichen Interesses der Union oder eines Mitgliedstaates verarbeitet werden d\u00fcrfen.<\/p>\n<h4>Bereitstellung der Webseite (Webhoster)<\/h4>\n<p>Unsere Webseite wird gehostet bei:<br \/>\n<strong>IONOS SE<\/strong><br \/>\nElgendorfer Stra\u00dfe 57, 56410 Montabaur<br \/>\nDeutschland<\/p>\n<p>Wenn Sie unsere Webseite aufrufen, erheben und speichern wir automatisch Informationen in sogenannten Server-Logfiles. Diese Informationen \u00fcbermittelt Ihr Browser automatisch an unseren Server bzw. an den Server unseres Hosting Unternehmens.<br \/>\nDies sind:<\/p>\n<ul>\n<li>IP-Adresse des Endger\u00e4tes des Webseitenbesuchers<\/li>\n<li>Verwendetes Ger\u00e4t<\/li>\n<li>Hostname des zugreifenden Rechners<\/li>\n<li>Betriebssystem des Besuchers<\/li>\n<li>Browsertyp und Version<\/li>\n<li>Name der abgerufenen Datei<\/li>\n<li>Zeitpunkt der Serveranfrage<\/li>\n<li>Menge der Daten<\/li>\n<li>Information, ob der Abruf der Daten erfolgreich war.<\/li>\n<\/ul>\n<p>Diese Daten werden nicht mit anderen Datenquellen zusammengef\u00fchrt.<\/p>\n<p>Rechtsgrundlage f\u00fcr die Verarbeitung dieser Daten ist Art. 6 Abs. 1 lit. f DSGVO. Unser berechtigtes Interesse ist die technisch fehlerfreie Darstellung und Optimierung dieser Webseite.<\/p>\n<p>Statt diese Webseite auf einem eigenen Server zu betreiben, k\u00f6nnen wir sie auch auf dem Server eines externen Dienstleisters (Hosting Unternehmen) betreiben lassen. Diesfalls werden die auf dieser Website erfassten personenbezogenen Daten auf den Servern des Hosting Unternehmens gespeichert. Erg\u00e4nzend zu den oben genannten Daten kann es sich z.B. um Kontaktanfragen, Kontaktdaten, Namen, Webseite-zugriffsdaten, Meta- und Kommunikationsdaten, Vertragsdaten und sonstige Daten, die \u00fcber eine Website generiert werden, handeln.<\/p>\n<p>Als weitere Rechtsgrundlage wird der Zweck der Vorvertrags- bzw. Vertragserf\u00fcllung gegen\u00fcber der betroffenen Person angef\u00fchrt. (Art. 6 Abs. 1 lit. b DSGVO). F\u00fcr den Fall, dass wir ein Hosting Unternehmen beauftragt haben, besteht ein Vertrag \u00fcber Auftragsverarbeitung mit diesem Dienstleister.<\/p>\n<h4>Einsatz von Cookies<\/h4>\n<p>Unsere Webseite verwendet \u201eCookies\u201c. Bei Cookies handelt es sich um Informationen, welche ein Webserver (Server, der Webinhalte bereitstellt) auf Ihrem Endger\u00e4t hinterlegt, um dieses Endger\u00e4t identifizieren zu k\u00f6nnen. Sie werden entweder vor\u00fcbergehend f\u00fcr die Dauer einer Sitzung (Session-Cookies) und nach Ende Ihres Besuchs einer Webseite gel\u00f6scht oder dauerhaft (permanente Cookies) auf Ihrem Endger\u00e4t gespeichert, bis Sie diese selbst l\u00f6schen oder eine automatische L\u00f6schung durch Ihren Webbrowser erfolgt.<\/p>\n<p>Cookies k\u00f6nnen auch von Drittunternehmen auf Ihrem Endger\u00e4t gespeichert werden, wenn Sie unsere Seite betreten (Third-Party-Requests). Dadurch wird es uns, als Betreiber und Ihnen, als Besucher dieser Webseite erm\u00f6glicht, bestimmte Dienstleistungen von Dritten, die auf dieser Webseite installiert sind, in Anspruch zu nehmen. Beispiele daf\u00fcr sind Cookies zur Abwicklung von Zahlungsdienstleistungen oder Cookies f\u00fcr die Anzeige von Videos.<\/p>\n<p>Cookies haben vielf\u00e4ltige Einsatzm\u00f6glichkeiten. Sie k\u00f6nnen die Funktionsf\u00e4higkeit einer Webseite verbessern, Warenkorbfunktionen steuern, die Sicherheit und den Komfort der Webseitennutzung erh\u00f6hen sowie Analysen bez\u00fcglich Besucherstr\u00f6me und \u2013 verhalten durchf\u00fchren. In Abh\u00e4ngigkeit von den einzelnen Funktionen sind die Cookies datenschutzrechtlich einzuordnen. Sie sind notwendig f\u00fcr den Betrieb der Webseite und zur Bereitstellung bestimmter Funktionen gedacht (Warenkorbfunktion) oder dienen zur Optimierung der Webseite (z.B. Cookies zur Messung des Besucherverhaltens), dann erfolgt ihr Einsatz auf Grundlage von Art. 6 Abs. 1 lit. f DSGVO. Als Webseitenbetreiber haben wir ein berechtigtes Interesse an der Speicherung von Cookies zur technisch fehlerfreien und optimierten Bereitstellung unserer Dienste.<br \/>\nIn allen anderen F\u00e4llen erfolgt die Speicherung von Cookies nur nach Ihrer ausdr\u00fccklichen Einwilligung (Art. 6 Abs. 1 lit. a DSGVO).<br \/>\nSoweit Cookies von Drittunternehmen oder zu Analysezwecken eingesetzt werden, informieren wir Sie hier\u00fcber im Rahmen dieses Datenschutzhinweises gesondert. Ihre erforderliche Einwilligung wird abgefragt und kann jederzeit widerrufen werden.<\/p>\n<p><a class=\"_brlbs-btn-cookie-preference borlabs-cookie-preference\" href=\"https:\/\/mra.de\/datenschutz#\">Cookie-Einstellungen bearbeiten<\/a><\/p>\n<p>&nbsp;<\/p>\n<h4>Einsatz von externen Diensten<\/h4>\n<p>Auf unserer Webseite sind externe Dienste im Einsatz. Externe Dienste sind Dienste von Drittanbietern, die auf unserer Webseite eingesetzt werden. Dies kann aus unterschiedlichen Gr\u00fcnden erfolgen, beispielsweise f\u00fcr das Einbetten von Videos oder zur Sicherheit der Webseite. Bei der Benutzung dieser Dienste werden personenbezogene Daten auch an die jeweiligen Anbieter dieser externen Dienste weitergegeben. Wenn wir kein berechtigtes Interesse am Einsatz dieser Dienste haben, holen wir vor der Verwendung Ihre jederzeit widerrufbare Einwilligung als Besucher unserer Webseite ein (Art. 6 Abs. 1 lit. a DSGVO).<\/p>\n<h4>Analytics<\/h4>\n<p>Zur Analyse des Nutzerverhaltens verarbeiten wir personenbezogene Daten der Webseitenbesucher. Wir sind durch die Auswertung der gewonnen Daten in der Lage, Informationen \u00fcber die Nutzung der einzelnen Komponenten unserer Webseite zusammenzustellen. Hierdurch k\u00f6nnen wir die Nutzerfreundlichkeit unserer Webseite erh\u00f6hen. Mittels der eingesetzten Analyse-Tools k\u00f6nnten z.B. Nutzerprofile f\u00fcr die Ausspielung zielgerichteter oder interessenbezogener Werbebotschaften erstellt, unsere Webseitenbesucher beim n\u00e4chsten Besuch unserer Webseite erkannt, ihr Klick-\/Scroll Verhalten, ihre Downloads gemessen, Heatmaps erstellt, Seitenaufrufe erkannt, die Besuchsdauer oder die Absprungraten gemessen, sowie die Herkunft der Webseitenbesucher (Stadt, Land, von welcher Seite kommt der Besucher) zur\u00fcckverfolgt werden. Mit Hilfe der Analyse-Tools lassen sich unsere Marktforschungs- und Marketingaktivit\u00e4ten verbessern.<\/p>\n<p>Die Verarbeitung der Daten beruht auf der Rechtsgrundlage der Einwilligung (Art. 6 Abs. 1 lit. a DSGVO). Als Webseitenbesucher haben Sie der Verarbeitung Ihrer personenbezogenen Daten mit Ihrer freiwilligen, ausdr\u00fccklichen und im Vorhinein abgegebenen Einwilligung zugestimmt. Ohne gesonderte Einwilligung werden die personenbezogenen Daten, unter der Bedingung, dass es keine andere Rechtsgrundlage im Sinne des Art. 6 Abs.1 DSGVO gibt, auf den wir die Verarbeitung st\u00fctzen, von uns nicht in der oben beschriebenen Weise verarbeitet. Ebenso verfahren wir, wenn Sie Ihre Einwilligung widerrufen. Die Rechtm\u00e4\u00dfigkeit der bis zum Widerruf erfolgten Verarbeitung bleibt davon unber\u00fchrt.<\/p>\n<h4>Google Analytics<\/h4>\n<p>Wir nutzen auf unserer Webseite den Dienst Google Analytics. Anbieter des Dienstes ist die Google Ireland Ltd., Gordon House, Barrow Street Dublin 4, Irland.<\/p>\n<p>Durch die Nutzung des Dienstes kann es zu einer Daten\u00fcbertragung in ein Drittland kommen (USA).<br \/>\nWeitere Informationen sind in den Datenschutzinformationen des Anbieters unter folgender URL zu finden: <a href=\"https:\/\/policies.google.com\/privacy\" target=\"_blank\" rel=\"noopener\">https:\/\/policies.google.com\/privacy<\/a>.<\/p>\n<h4>Consent Management<\/h4>\n<p>Um datenschutzrechtlichen Anforderungen zu entsprechen, haben wir auf unserer Webseite ein Consent-Management-Tool im Einsatz. Mit diesem Tool holen wir erforderliche Einwilligungen f\u00fcr das Setzen von Cookies oder die Verwendung externer Dienste ein. Die Einwilligungen werden gespeichert.<\/p>\n<p>Die Verarbeitung ist f\u00fcr die Erf\u00fcllung einer rechtlichen Verpflichtung erforderlich, welcher der Verantwortliche (Betreiber der Webseite) unterliegt. Als Rechtsgrundlage der Verarbeitung wird daher Art. 6 Abs. 1 lit. c DSGVO herangezogen.<\/p>\n<h4>Borlabs Cookie<\/h4>\n<p>Wir nutzen auf unserer Webseite den Dienst Borlabs Cookie.<br \/>\nAnbieter des Dienstes ist die Borlabs \u2013 Benjamin A. Bornstein, R\u00fcbenkamp 32, 22305 Hamburg, Deutschland.<\/p>\n<p>Da dieser Dienst lokal am Webserver gehostet wird, findet keine Daten\u00fcbertragung an Dritte statt.<\/p>\n<h4>Google Tag Manager<\/h4>\n<p>Wir nutzen auf unserer Webseite den Dienst Google Tag Manager. Anbieter des Dienstes ist die Google Ireland Ltd., Gordon House, Barrow Street Dublin 4, Irland.<br \/>\nDurch die Nutzung des Dienstes kann es zu einer Daten\u00fcbertragung in ein Drittland kommen (USA).<br \/>\nWeitere Informationen sind in den Datenschutzinformationen des Anbieters unter folgender URL zu finden: <a href=\"https:\/\/policies.google.com\/privacy\" target=\"_blank\" rel=\"noopener\">https:\/\/policies.google.com\/privacy<\/a>.<\/p>\n<h4>Kontaktformular<\/h4>\n<p>Auf unserer Webseite besteht die M\u00f6glichkeit, uns \u00fcber ein Kontaktformular zu benachrichtigen. F\u00fcr die Kontaktaufnahme \u00fcber dieses Formular werden insbesondere Ihre Kontaktdaten ben\u00f6tigt.<br \/>\nAls Rechtsgrundlage wird hierbei auf die Verarbeitung zum Zwecke der Vertragserf\u00fcllung bzw. vorvertraglicher Ma\u00dfnahmen gem. Art. 6 Abs. 1 lit. b DSGVO verwiesen. Au\u00dferdem kann ein berechtigtes Interesse vorliegen, um Gesch\u00e4ftsbeziehungen zu pflegen oder Ihre Anfrage aus sonstigen Gr\u00fcnden zu beantworten.<br \/>\nDie Rechtsgrundlage f\u00fcr die Verarbeitung Ihrer Daten w\u00e4re diesfalls Art. 6 Abs. 1 lit. f DSGVO.<br \/>\nDie Daten werden gel\u00f6scht, wenn wir Ihre Anfrage abschlie\u00dfend beantwortet haben und keine sonstigen Aufbewahrungspflichten dem entgegenstehen.<\/p>\n<h4>Pr\u00e4senz auf Instagram<\/h4>\n<p>Soziale Netzwerke verarbeiten personenbezogene Daten Ihrer Nutzer in umfangreichen Ma\u00df. Beim Besuch unserer Profile werden unter anderem Ihre IP-Adresse sowie weitere Informationen zu Ihren verwendeten Ger\u00e4ten verarbeitet, was eine Zuordnung der IP-Adressen zu einzelnen Nutzern erm\u00f6glicht. Auf diese Datenverarbeitung k\u00f6nnen wir keinen Einfluss nehmen. Wir weisen Sie darauf hin, dass Sie unsere Profile auf den sozialen Netzwerken und ihre Funktionen in eigener Verantwortung nutzen. Details zur Datenverarbeitung k\u00f6nnen Sie der Datenschutzerkl\u00e4rung des Betreibers entnehmen.<\/p>\n<p>Wir verf\u00fcgen \u00fcber ein Profil bei Instagram. Anbieter dieses Dienstes ist die Meta Platforms Ireland Limited, 4 Grand Canal Square, Grand Canal Harbour, Dublin 2, Irland.<\/p>\n<p>Genaue Informationen \u00fcber den Umgang mit personenbezogenen Daten finden Sie in der folgenden Datenschutzerkl\u00e4rung von Instagram: <a href=\"https:\/\/help.instagram.com\/519522125107875\" target=\"_blank\" rel=\"noopener\">https:\/\/help.instagram.com\/519522125107875<\/a>.<\/p>\n<p>Zweck unserer Profile auf Social Media-Plattformen ist Vergr\u00f6\u00dferung unserer Internetpr\u00e4senz und damit einhergehende gr\u00f6\u00dfere Bekanntheit. Daher ist als Rechtsgrundlage berechtigtes Interesse gem. Art. 6 Abs. 1 lit. f DSGVO heranzuziehen. Weiters ist bez\u00fcglich den Verarbeitungst\u00e4tigkeiten durch die sozialen Netzwerke, auf deren eigene Rechtsgrundlagen (z. B. Einwilligung gem. Art. 6 Abs. 1 lit. a DSGVO) zu verweisen, welche Sie der jeweiligen Datenschutzerkl\u00e4rung entnehmen.<\/p>\n<p>Grunds\u00e4tzlich sind wir gemeinsam mit der Social-Media-Plattform f\u00fcr die beim Besuch unseres Profils ausgel\u00f6sten Datenverarbeitungsvorg\u00e4nge verantwortlich. Daher k\u00f6nnen Sie Ihre Betroffenenrechte gem. Art. 15 DGSVO gegen\u00fcber der Social Media-Plattform als auch gegen\u00fcber uns geltend machen. Wir weisen jedoch daraufhin, dass wir keinen Einfluss auf die Datenverarbeitung durch die Social Media-Plattform nehmen k\u00f6nnen.<\/p>\n","protected":false},"excerpt":{"rendered":"<p>Datenschutzhinweise gem\u00e4\u00df Art. 13 DSGVO Name und Anschrift des Verantwortlichen Verantwortliche Stelle im Sinne der Datenschutz-Grundverordnung (DSGVO) und anderer datenschutzrechtlicher Bestimmungen ist: Name des Vertreters oder Unternehmensbezeichnung MRA-Klement GmbH Siemensstr. 6 79331 Teningen Telefon: +49 7663 9389 0 E-Mail: info(at)mra.de Datenschutzbeauftragter Wir haben f\u00fcr unser Unternehmen einen Datenschutzbeauftragten benannt. Dieser ist postalisch unter o. g. [&hellip;]<\/p>\n","protected":false},"author":1,"featured_media":0,"parent":0,"menu_order":0,"comment_status":"closed","ping_status":"closed","template":"","meta":{"inline_featured_image":false,"footnotes":""},"class_list":["post-168","page","type-page","status-publish","hentry"],"acf":[],"_links":{"self":[{"href":"https:\/\/classics.mra.de\/en\/wp-json\/wp\/v2\/pages\/168","targetHints":{"allow":["GET"]}}],"collection":[{"href":"https:\/\/classics.mra.de\/en\/wp-json\/wp\/v2\/pages"}],"about":[{"href":"https:\/\/classics.mra.de\/en\/wp-json\/wp\/v2\/types\/page"}],"author":[{"embeddable":true,"href":"https:\/\/classics.mra.de\/en\/wp-json\/wp\/v2\/users\/1"}],"replies":[{"embeddable":true,"href":"https:\/\/classics.mra.de\/en\/wp-json\/wp\/v2\/comments?post=168"}],"version-history":[{"count":1,"href":"https:\/\/classics.mra.de\/en\/wp-json\/wp\/v2\/pages\/168\/revisions"}],"predecessor-version":[{"id":169,"href":"https:\/\/classics.mra.de\/en\/wp-json\/wp\/v2\/pages\/168\/revisions\/169"}],"wp:attachment":[{"href":"https:\/\/classics.mra.de\/en\/wp-json\/wp\/v2\/media?parent=168"}],"curies":[{"name":"wp","href":"https:\/\/api.w.org\/{rel}","templated":true}]}}